{"id":419,"date":"2025-06-20T07:03:08","date_gmt":"2025-06-20T07:03:08","guid":{"rendered":"https:\/\/shop.digitalspeak.dk\/?post_type=product&#038;p=419"},"modified":"2025-06-20T07:17:58","modified_gmt":"2025-06-20T07:17:58","slug":"bluetooth-ptt-walkie-talkie-control-button","status":"publish","type":"product","link":"https:\/\/shop.digitalspeak.dk\/index.php\/vare\/bluetooth-ptt-walkie-talkie-control-button\/","title":{"rendered":"Bluetooth PTT Walkie Talkie Control Button"},"content":{"rendered":"<p><strong>Batteri:<\/strong> CR2032 (skal installeres)<\/p>\n<p><strong>Arbejdstid:<\/strong> mindst 200 dage<\/p>\n<p><strong>Bred anvendelse:<\/strong> Velegnet til bil, motorcykel, cykelk\u00f8rsel, til nem intercom n\u00e5r som helst<\/p>\n<p><strong>S\u00e5dan bruges det:<\/strong><\/p>\n<p>*Trin 1. Installer batteriet: Drej p\u00e5 denne knap for at fjerne chippen indeni, installer det ekstra batteri, og drej kontakten ved siden af \u200b\u200btil &#8220;ON&#8221;.<\/p>\n<p>*Trin 2. \u00c5bn tr\u00e5dl\u00f8s og Bluetooth p\u00e5 mobiltelefonen.<\/p>\n<p>*Trin 3. \u00c5bn Zello-appen, klik p\u00e5 &#8220;Indstillinger&#8221;, klik p\u00e5 &#8220;Tryk-for-at-Talk&#8221;, klik p\u00e5 knappen, vent et stykke tid. Efter tilslutning vises &#8220;PTT-Z01&#8221;, klik p\u00e5 &#8220;PTT-Z01&#8221;, v\u00e6lg &#8220;Handto Talk&#8221;.<\/p>\n<p>*Trin 4. Klik p\u00e5 knappen for at oprette en kommunikation.<\/p>\n<p><strong>Sager, der kr\u00e6ver opm\u00e6rksomhed:<\/strong><\/p>\n<p>1. Produktet er kun beregnet til Zellos softwareenheder.<\/p>\n<p>2. Produktet skal bruges med Bluetooth og netv\u00e6rk aktiveret.<\/p>\n<p>3. Kan ikke bruges, n\u00e5r Zello-softwaren er afsluttet.<\/p>\n<p>4. Efter tilslutning er det ikke n\u00f8dvendigt at genoprette forbindelsen. Du kan betjene det direkte ved at \u00e5bne APP&#8217;en, s\u00e5 den altid er online.<\/p>\n<p>5. Hvis programmet ikke bruges i l\u00e6ngere tid, kan du ogs\u00e5 sende det ved at trykke let p\u00e5 PPT-knappen.<\/p>\n<p>6. For Apple-telefoner skal du v\u00e6lge, om du vil trykke p\u00e5 knapperne eller s\u00e6tte dem i gang.<\/p>\n<p>7. Du kan angive en kontaktperson eller et team og trykke p\u00e5 for at foretage et opkald.<\/p>\n<p><strong>Pakken indeholder:<\/strong><\/p>\n<p>1 x Tr\u00e5dl\u00f8s Bluetooth PTT-kontrolknap<\/p>\n<p>1 x CR2032 batteri<\/p>\n<p>1 x brugermanual<\/p>\n<p>1 x rem<\/p>\n","protected":false},"excerpt":{"rendered":"<p>Batteri: CR2032 (skal installeres) Arbejdstid: mindst 200 dage Bred anvendelse: Velegnet til bil, motorcykel, cykelk\u00f8rsel, til nem intercom n\u00e5r som helst S\u00e5dan bruges det: *Trin 1. Installer batteriet: Drej p\u00e5 denne knap for at fjerne chippen indeni, installer det ekstra batteri, og drej kontakten ved siden af \u200b\u200btil &#8220;ON&#8221;. *Trin 2. \u00c5bn tr\u00e5dl\u00f8s og Bluetooth [&hellip;]<\/p>\n","protected":false},"featured_media":422,"comment_status":"open","ping_status":"closed","template":"","meta":{"ocean_post_layout":"","ocean_both_sidebars_style":"","ocean_both_sidebars_content_width":0,"ocean_both_sidebars_sidebars_width":0,"ocean_sidebar":"0","ocean_second_sidebar":"0","ocean_disable_margins":"enable","ocean_add_body_class":"","ocean_shortcode_before_top_bar":"","ocean_shortcode_after_top_bar":"","ocean_shortcode_before_header":"","ocean_shortcode_after_header":"","ocean_has_shortcode":"","ocean_shortcode_after_title":"","ocean_shortcode_before_footer_widgets":"","ocean_shortcode_after_footer_widgets":"","ocean_shortcode_before_footer_bottom":"","ocean_shortcode_after_footer_bottom":"","ocean_display_top_bar":"default","ocean_display_header":"default","ocean_header_style":"","ocean_center_header_left_menu":"0","ocean_custom_header_template":"0","ocean_custom_logo":0,"ocean_custom_retina_logo":0,"ocean_custom_logo_max_width":0,"ocean_custom_logo_tablet_max_width":0,"ocean_custom_logo_mobile_max_width":0,"ocean_custom_logo_max_height":0,"ocean_custom_logo_tablet_max_height":0,"ocean_custom_logo_mobile_max_height":0,"ocean_header_custom_menu":"0","ocean_menu_typo_font_family":"0","ocean_menu_typo_font_subset":"","ocean_menu_typo_font_size":0,"ocean_menu_typo_font_size_tablet":0,"ocean_menu_typo_font_size_mobile":0,"ocean_menu_typo_font_size_unit":"px","ocean_menu_typo_font_weight":"","ocean_menu_typo_font_weight_tablet":"","ocean_menu_typo_font_weight_mobile":"","ocean_menu_typo_transform":"","ocean_menu_typo_transform_tablet":"","ocean_menu_typo_transform_mobile":"","ocean_menu_typo_line_height":0,"ocean_menu_typo_line_height_tablet":0,"ocean_menu_typo_line_height_mobile":0,"ocean_menu_typo_line_height_unit":"","ocean_menu_typo_spacing":0,"ocean_menu_typo_spacing_tablet":0,"ocean_menu_typo_spacing_mobile":0,"ocean_menu_typo_spacing_unit":"","ocean_menu_link_color":"","ocean_menu_link_color_hover":"","ocean_menu_link_color_active":"","ocean_menu_link_background":"","ocean_menu_link_hover_background":"","ocean_menu_link_active_background":"","ocean_menu_social_links_bg":"","ocean_menu_social_hover_links_bg":"","ocean_menu_social_links_color":"","ocean_menu_social_hover_links_color":"","ocean_disable_title":"default","ocean_disable_heading":"default","ocean_post_title":"","ocean_post_subheading":"","ocean_post_title_style":"","ocean_post_title_background_color":"","ocean_post_title_background":0,"ocean_post_title_bg_image_position":"","ocean_post_title_bg_image_attachment":"","ocean_post_title_bg_image_repeat":"","ocean_post_title_bg_image_size":"","ocean_post_title_height":0,"ocean_post_title_bg_overlay":0.5,"ocean_post_title_bg_overlay_color":"","ocean_disable_breadcrumbs":"default","ocean_breadcrumbs_color":"","ocean_breadcrumbs_separator_color":"","ocean_breadcrumbs_links_color":"","ocean_breadcrumbs_links_hover_color":"","ocean_display_footer_widgets":"default","ocean_display_footer_bottom":"default","ocean_custom_footer_template":"0"},"product_brand":[],"product_cat":[98,78],"product_tag":[100,99],"class_list":{"0":"post-419","1":"product","2":"type-product","3":"status-publish","4":"has-post-thumbnail","6":"product_cat-bluetooth","7":"product_cat-tilbehoer","8":"product_tag-walkie-talkie-control-button","9":"product_tag-wireless-bluetooth-ptt","11":"entry","12":"has-media","14":"first","15":"outofstock","16":"taxable","17":"shipping-taxable","18":"purchasable","19":"product-type-simple","20":"has-product-nav","21":"col","22":"span_1_of_3","23":"owp-content-center","24":"owp-thumbs-layout-horizontal","25":"owp-btn-normal","26":"owp-tabs-layout-horizontal","27":"has-no-thumbnails","29":"circle-sale"},"supplier_id":null,"supplier_sku":"","barcode":null,"atum_controlled":true,"out_stock_date":"2025-06-20 07:03:09","out_stock_threshold":null,"inheritable":false,"inbound_stock":null,"stock_on_hold":0,"sold_today":0,"sales_last_days":0,"reserved_stock":null,"customer_returns":null,"warehouse_damage":null,"lost_in_post":null,"other_logs":null,"out_stock_days":288,"lost_sales":0,"has_location":false,"update_date":"2026-04-05T05:08:15","atum_locations":[],"atum_stock_status":"outofstock","restock_status":false,"low_stock_amount":"","sales_update_date":"2026-04-05T05:08:15","calc_backorders":null,"_links":{"self":[{"href":"https:\/\/shop.digitalspeak.dk\/index.php\/wp-json\/wp\/v2\/product\/419","targetHints":{"allow":["GET"]}}],"collection":[{"href":"https:\/\/shop.digitalspeak.dk\/index.php\/wp-json\/wp\/v2\/product"}],"about":[{"href":"https:\/\/shop.digitalspeak.dk\/index.php\/wp-json\/wp\/v2\/types\/product"}],"replies":[{"embeddable":true,"href":"https:\/\/shop.digitalspeak.dk\/index.php\/wp-json\/wp\/v2\/comments?post=419"}],"wp:featuredmedia":[{"embeddable":true,"href":"https:\/\/shop.digitalspeak.dk\/index.php\/wp-json\/wp\/v2\/media\/422"}],"wp:attachment":[{"href":"https:\/\/shop.digitalspeak.dk\/index.php\/wp-json\/wp\/v2\/media?parent=419"}],"wp:term":[{"taxonomy":"product_brand","embeddable":true,"href":"https:\/\/shop.digitalspeak.dk\/index.php\/wp-json\/wp\/v2\/product_brand?post=419"},{"taxonomy":"product_cat","embeddable":true,"href":"https:\/\/shop.digitalspeak.dk\/index.php\/wp-json\/wp\/v2\/product_cat?post=419"},{"taxonomy":"product_tag","embeddable":true,"href":"https:\/\/shop.digitalspeak.dk\/index.php\/wp-json\/wp\/v2\/product_tag?post=419"}],"curies":[{"name":"wp","href":"https:\/\/api.w.org\/{rel}","templated":true}]}}